{"id":10,"date":"2025-11-05T11:07:37","date_gmt":"2025-11-05T10:07:37","guid":{"rendered":"https:\/\/exa.upa.mybluehost.me\/?page_id=10"},"modified":"2025-11-06T19:28:10","modified_gmt":"2025-11-06T18:28:10","slug":"condicions-de-venda","status":"publish","type":"page","link":"https:\/\/www.inspirealtea.com\/ca\/terms-conditions-sale\/","title":{"rendered":"Termes i condicions generals de venda"},"content":{"rendered":"<p class=\"\">Benvinguts a Inspire Altea. Aquests termes i condicions generals s&#039;apliquen a tots els serveis, activitats, retirs i cursos organitzats per <strong>Inspira Altea<\/strong>, llevat que s&#039;especifiqui el contrari per escrit.<\/p>\n\n\n\n<h2 class=\"wp-block-heading\"><strong>1. Condicions<\/strong><\/h2>\n\n\n\n<h3 class=\"wp-block-heading\"><strong>1.1 \u2013 Supervisi\u00f3 d&#039;activitats i cursos<\/strong><\/h3>\n\n\n\n<p class=\"\">Totes les activitats i cursos de muntanya estan dirigits per <strong>L\u00edders de muntanya certificats per la UIMLA<\/strong> o professionals que ocupen c\u00e0rrecs oficials <strong>Diplomes de T\u00e8cnic Esportiu<\/strong> reconegut pel Ministeri d&#039;Educaci\u00f3 i Ci\u00e8ncia espanyol.<br>Aquests guies estan qualificats en educaci\u00f3 a l&#039;aire lliure, lideratge de grups i seguretat en terrenys de muntanya.<\/p>\n\n\n\n<h3 class=\"wp-block-heading\"><strong>1.2 \u2013 Cursos de ioga i meditaci\u00f3<\/strong><\/h3>\n\n\n\n<p class=\"\">Les sessions de ioga i meditaci\u00f3 les imparteixen <strong>professors de ioga professionals certificats<\/strong>, qualificat en els ensenyaments tradicionals i la filosofia del ioga.<\/p>\n\n\n\n<h3 class=\"wp-block-heading\"><strong>1.3 \u2013 Ter\u00e0pies de massatge<\/strong><\/h3>\n\n\n\n<p class=\"\">Els serveis de massatge s\u00f3n proporcionats per <strong>massatgistes certificats<\/strong>, formada en t\u00e8cniques terap\u00e8utiques i en l&#039;aplicaci\u00f3 d&#039;olis naturals i extractes de plantes medicinals.<br>Els tractaments s&#039;adapten a l&#039;estat de salut personal de cada client.<\/p>\n\n\n\n<hr class=\"wp-block-separator has-alpha-channel-opacity\"\/>\n\n\n\n<h2 class=\"wp-block-heading\"><strong>2. Condicions d&#039;activitat<\/strong><\/h2>\n\n\n\n<h3 class=\"wp-block-heading\"><strong>2.1 \u2013 Cancel\u00b7lacions per motius meteorol\u00f2gics o t\u00e8cnics<\/strong><\/h3>\n\n\n\n<p class=\"\">Les activitats poden ser suspeses per motius meteorol\u00f2gics o t\u00e8cnics abans o durant l&#039;activitat.<br>Si l&#039;activitat ja ha comen\u00e7at, no es retornar\u00e0 cap import.<\/p>\n\n\n\n<h3 class=\"wp-block-heading\"><strong>2.2 \u2013 Requisits dels participants<\/strong><\/h3>\n\n\n\n<p class=\"\">Si un participant no compleix els requisits <strong>nivell t\u00e8cnic o f\u00edsic<\/strong>, el guia pot modificar la ruta o el pla d&#039;activitats per adaptar-lo a la capacitat del participant.<br>El guia tamb\u00e9 pot modificar l&#039;itinerari a causa de les condicions meteorol\u00f2giques per garantir la seguretat.<\/p>\n\n\n\n<p class=\"\">El <strong>r\u00e0tio guia-client<\/strong> sempre prioritzar\u00e0 la seguretat i respectar\u00e0 la mida m\u00ednima del grup acordat per a cada activitat.<\/p>\n\n\n\n<hr class=\"wp-block-separator has-alpha-channel-opacity\"\/>\n\n\n\n<h2 class=\"wp-block-heading\"><strong>3. Declaracions del client<\/strong><\/h2>\n\n\n\n<p class=\"\">En inscriure&#039;s a qualsevol activitat d&#039;Inspire Altea, el client declara sota la seva exclusiva responsabilitat el seg\u00fcent:<\/p>\n\n\n\n<p class=\"\">a) Han estat informats de la naturalesa de l&#039;activitat, els seus riscos i la conducta adequada que cal observar.<br>b) Entenen que l&#039;activitat ser\u00e0 dirigida per un guia qualificat en tot moment i accepten seguir totes les instruccions proporcionades. Qualsevol acci\u00f3 contr\u00e0ria a les indicacions del guia \u00e9s responsabilitat del client.<br>c) Reconeixen la <strong>prohibici\u00f3 de deixar residus<\/strong> (org\u00e0nic o inorg\u00e0nic) durant l&#039;activitat i acceptar qualsevol sanci\u00f3 administrativa per incompliment.<br>d) Declaren que tenen <strong>sense afeccions cardiovasculars<\/strong>, <strong>no est\u00e0 embarassada<\/strong>, i <strong>no patir cap lesi\u00f3<\/strong> que podrien posar en perill la seva salut durant l&#039;activitat.<br>e) Confirmen que s\u00f3n de <strong>edat legal<\/strong> (o tenir autoritzaci\u00f3 paterna\/tutora) per participar-hi.<br>f) Estan d&#039;acord amb <strong>abstenir-se d&#039;alcohol, drogues o qualsevol subst\u00e0ncia<\/strong> que puguin afectar les facultats f\u00edsiques o mentals abans o durant l&#039;activitat.<br>h) Han rebut i acceptat una c\u00f2pia d&#039;aquest contracte.<\/p>\n\n\n\n<hr class=\"wp-block-separator has-alpha-channel-opacity\"\/>\n\n\n\n<h2 class=\"wp-block-heading\"><strong>4. Transport<\/strong><\/h2>\n\n\n\n<p class=\"\">Els clients s\u00f3n responsables del seu propi transport d&#039;anada i tornada al punt de trobada de l&#039;activitat, llevat que s&#039;acordi el contrari.<br>El contracte i la responsabilitat d&#039;Inspire Altea cobreixen nom\u00e9s el treball directe dels guies i l&#039;organitzaci\u00f3 de l&#039;activitat.<\/p>\n\n\n\n<hr class=\"wp-block-separator has-alpha-channel-opacity\"\/>\n\n\n\n<h2 class=\"wp-block-heading\"><strong>5. Responsabilitat de l&#039;equipament<\/strong><\/h2>\n\n\n\n<p class=\"\">Qualsevol <strong>p\u00e8rdua, neglig\u00e8ncia o mal \u00fas<\/strong> dels materials proporcionats pel guia (m\u00e9s enll\u00e0 del desgast normal o de for\u00e7a major) \u00e9s responsabilitat del client i s&#039;ha de compensar en conseq\u00fc\u00e8ncia.<\/p>\n\n\n\n<hr class=\"wp-block-separator has-alpha-channel-opacity\"\/>\n\n\n\n<h2 class=\"wp-block-heading\"><strong>6. Retirada volunt\u00e0ria<\/strong><\/h2>\n\n\n\n<p class=\"\">Si un client decideix retirar-se volunt\u00e0riament d&#039;una activitat, ha de signar i retornar un <strong>document de retirada volunt\u00e0ria<\/strong> al guia.<br>Pot ser que no sigui possible abandonar l&#039;activitat immediatament a causa del temps o de les limitacions de transport.<br>Qualsevol cost addicional derivat de la retirada volunt\u00e0ria (transport, allotjament, etc.) \u00e9s a c\u00e0rrec de <strong>responsabilitat del client<\/strong>, excepte en els casos coberts per l&#039;asseguran\u00e7a personal del client (vegeu la secci\u00f3 7 \u2013 Asseguran\u00e7a).<\/p>\n\n\n\n<hr class=\"wp-block-separator has-alpha-channel-opacity\"\/>\n\n\n\n<h2 class=\"wp-block-heading\"><strong>7. Asseguran\u00e7a<\/strong><\/h2>\n\n\n\n<h3 class=\"wp-block-heading\"><strong>7.1 \u2013 Asseguran\u00e7a d&#039;accidents<\/strong><\/h3>\n\n\n\n<p class=\"\">Com que les activitats f\u00edsiques a l&#039;aire lliure estan regulades en entorns naturals, tots els participants han d&#039;estar coberts per <strong>asseguran\u00e7a d&#039;accidents<\/strong>.<\/p>\n\n\n\n<ul class=\"wp-block-list\">\n<li class=\"\">Per a <strong>activitats europees<\/strong>, l&#039;asseguran\u00e7a d&#039;accidents \u00e9s <strong>incl\u00f2s en el preu<\/strong>.<\/li>\n\n\n\n<li class=\"\">Per a <strong>activitats fora d&#039;Europa<\/strong>, el client ha de tenir una targeta v\u00e0lida <strong>asseguran\u00e7a personal<\/strong> que cobreixi la destinaci\u00f3 i el tipus d&#039;activitat.<\/li>\n<\/ul>\n\n\n\n<hr class=\"wp-block-separator has-alpha-channel-opacity\"\/>\n\n\n\n<h2 class=\"wp-block-heading\"><strong>8. Preus<\/strong><\/h2>\n\n\n\n<p class=\"\">Tots els preus estan indicats en <strong>euros (\u20ac)<\/strong> i <strong>per persona<\/strong>, i inclouen els serveis directes del guia certificat (sense IVA).<br>Si no s&#039;especifica el contrari, <strong>serveis externs<\/strong> (hotels, \u00e0pats, transport, etc.) no estan inclosos i s\u00f3n a c\u00e0rrec del client.<\/p>\n\n\n\n<h3 class=\"wp-block-heading\"><strong>8.1 \u2013 Serveis inclosos<\/strong><\/h3>\n\n\n\n<ul class=\"wp-block-list\">\n<li class=\"\">Guia de muntanya certificada per la UIMLA<\/li>\n\n\n\n<li class=\"\">Equipament de grup<\/li>\n\n\n\n<li class=\"\">Assessorament professional i gesti\u00f3 log\u00edstica<\/li>\n\n\n\n<li class=\"\">Asseguran\u00e7a d&#039;Accidents + Responsabilitat Civil (Europa)<\/li>\n<\/ul>\n\n\n\n<h3 class=\"wp-block-heading\"><strong>8.2 \u2013 No incl\u00f2s<\/strong><\/h3>\n\n\n\n<ul class=\"wp-block-list\">\n<li class=\"\">Equipament personal (botes, motxilla, roba, etc.)<\/li>\n\n\n\n<li class=\"\">Allotjament, menjar, transport i trasllats d&#039;equipatge<\/li>\n\n\n\n<li class=\"\">Qualsevol variaci\u00f3 de costos a causa d&#039;esdeveniments imprevistos (per exemple, canvis meteorol\u00f2gics)<\/li>\n<\/ul>\n\n\n\n<p class=\"\">Cada fitxa t\u00e8cnica especificar\u00e0 l&#039;equipament personal necessari per a l&#039;activitat.<\/p>\n\n\n\n<hr class=\"wp-block-separator has-alpha-channel-opacity\"\/>\n\n\n\n<h2 class=\"wp-block-heading\"><strong>9. Resoluci\u00f3 de conflictes: mediaci\u00f3 de consum<\/strong><\/h2>\n\n\n\n<p class=\"\">En cas de disputa, tant el client com Inspire Altea buscaran una soluci\u00f3. <strong>resoluci\u00f3 amistosa<\/strong>.<br>El client pot presentar una queixa per escrit a l&#039;empresa o al seu departament d&#039;Atenci\u00f3 al Client.<\/p>\n\n\n\n<p class=\"\">Si no s&#039;arriba a un acord en el termini de <strong>un (1) mes<\/strong>, el consumidor pot contactar amb un prove\u00efdor certificat <strong>mediador de consum<\/strong> enumerats per la Comissi\u00f3 d&#039;Avaluaci\u00f3 i Control de la Mediaci\u00f3 de Consum en virtut de l&#039;article L.615-1 del Codi de Consum franc\u00e8s:<\/p>\n\n\n\n<p class=\"\"><strong>Soci\u00e9t\u00e9 M\u00e9diation Professionnelle<\/strong><br>\ud83c\udf10 <a href=\"http:\/\/www.mediateur-consommation-smp.fr\">www.mediateur-consommation-smp.fr<\/a><br>\ud83d\udccd 2 Rue Marc Sangnier, 33130 B\u00e8gles, Fran\u00e7a<\/p>\n\n\n\n<hr class=\"wp-block-separator has-alpha-channel-opacity\"\/>\n\n\n\n<h2 class=\"wp-block-heading\"><strong>10. Acceptaci\u00f3 de les condicions<\/strong><\/h2>\n\n\n\n<p class=\"\">La participaci\u00f3 en qualsevol activitat organitzada per Inspire Altea implica la plena acceptaci\u00f3 d&#039;aquestes bases.<br>Animem a tots els clients a llegir atentament aquest document abans de confirmar la seva reserva.<\/p>\n\n\n\n<h2 class=\"wp-block-heading\">Necessites ajuda?<\/h2>\n\n\n\n<p class=\"\">Poseu-vos en contacte amb nosaltres a inspirealtea@gmail.com si teniu preguntes relacionades amb reembossaments i devolucions.<\/p>","protected":false},"excerpt":{"rendered":"<p>Welcome to Inspire Altea. These general terms and conditions apply to all services, activities, retreats, and courses organized by Inspire Altea, unless otherwise specified in writing. 1. Conditions 1.1 \u2013 Activity and Course Supervision All mountain activities and courses are led by UIMLA-certified Mountain Leaders or professionals holding official Sports Technical Diplomas recognized by the [&hellip;]<\/p>\n","protected":false},"author":1,"featured_media":865,"parent":0,"menu_order":0,"comment_status":"closed","ping_status":"closed","template":"","meta":{"nf_dc_page":"","om_disable_all_campaigns":false,"_monsterinsights_skip_tracking":false,"_monsterinsights_sitenote_active":false,"_monsterinsights_sitenote_note":"","_monsterinsights_sitenote_category":0,"_uf_show_specific_survey":0,"_uf_disable_surveys":false,"jetpack_post_was_ever_published":false,"footnotes":""},"class_list":["post-10","page","type-page","status-publish","has-post-thumbnail","hentry"],"yoast_head":"<!-- This site is optimized with the Yoast SEO Premium plugin v27.3 (Yoast SEO v27.4) - https:\/\/yoast.com\/product\/yoast-seo-premium-wordpress\/ -->\n<title>General Terms &amp; Conditions of Sale | Inspire Altea<\/title>\n<meta name=\"description\" content=\"Read Inspire Altea\u2019s General Terms and Conditions of Sale. Learn about our activity rules, pricing, insurance, and your responsibilities as a participant.\" \/>\n<meta name=\"robots\" content=\"noindex, nofollow\" \/>\n<meta property=\"og:locale\" content=\"ca_ES\" \/>\n<meta property=\"og:type\" content=\"article\" \/>\n<meta property=\"og:title\" content=\"General Terms and Conditions of Sale\" \/>\n<meta property=\"og:description\" content=\"Read Inspire Altea\u2019s General Terms and Conditions of Sale. Learn about our activity rules, pricing, insurance, and your responsibilities as a participant.\" \/>\n<meta property=\"og:url\" content=\"https:\/\/www.inspirealtea.com\/ca\/condicions-de-venda\/\" \/>\n<meta property=\"og:site_name\" content=\"Yoga, Ayurveda and Hiking | Inspire Altea\" \/>\n<meta property=\"article:publisher\" content=\"https:\/\/www.facebook.com\/yogaayurveda.altea\" \/>\n<meta property=\"article:modified_time\" content=\"2025-11-06T18:28:10+00:00\" \/>\n<meta property=\"og:image\" content=\"https:\/\/www.inspirealtea.com\/wp-content\/uploads\/2025\/11\/pexels-photo-7841424.webp\" \/>\n\t<meta property=\"og:image:width\" content=\"1880\" \/>\n\t<meta property=\"og:image:height\" content=\"1253\" \/>\n\t<meta property=\"og:image:type\" content=\"image\/webp\" \/>\n<meta name=\"twitter:card\" content=\"summary_large_image\" \/>\n<meta name=\"twitter:label1\" content=\"Temps estimat de lectura\" \/>\n\t<meta name=\"twitter:data1\" content=\"4 minuts\" \/>\n<!-- \/ Yoast SEO Premium plugin. -->","yoast_head_json":{"title":"Condicions generals de venda | Inspire Altea","description":"Llegeix els Termes i Condicions Generals de Venda d&#039;Inspire Altea. Apr\u00e8n sobre les nostres normes d&#039;activitat, preus, assegurances i les teves responsabilitats com a participant.","robots":{"index":"noindex","follow":"nofollow"},"og_locale":"ca_ES","og_type":"article","og_title":"General Terms and Conditions of Sale","og_description":"Read Inspire Altea\u2019s General Terms and Conditions of Sale. Learn about our activity rules, pricing, insurance, and your responsibilities as a participant.","og_url":"https:\/\/www.inspirealtea.com\/ca\/condicions-de-venda\/","og_site_name":"Yoga, Ayurveda and Hiking | Inspire Altea","article_publisher":"https:\/\/www.facebook.com\/yogaayurveda.altea","article_modified_time":"2025-11-06T18:28:10+00:00","og_image":[{"width":1880,"height":1253,"url":"https:\/\/www.inspirealtea.com\/wp-content\/uploads\/2025\/11\/pexels-photo-7841424.webp","type":"image\/webp"}],"twitter_card":"summary_large_image","twitter_misc":{"Temps estimat de lectura":"4 minuts"},"schema":{"@context":"https:\/\/schema.org","@graph":[{"@type":"WebPage","@id":"https:\/\/www.inspirealtea.com\/terms-conditions-sale\/","url":"https:\/\/www.inspirealtea.com\/terms-conditions-sale\/","name":"Condicions generals de venda | Inspire Altea","isPartOf":{"@id":"https:\/\/www.inspirealtea.com\/#website"},"primaryImageOfPage":{"@id":"https:\/\/www.inspirealtea.com\/terms-conditions-sale\/#primaryimage"},"image":{"@id":"https:\/\/www.inspirealtea.com\/terms-conditions-sale\/#primaryimage"},"thumbnailUrl":"https:\/\/i0.wp.com\/www.inspirealtea.com\/wp-content\/uploads\/2025\/11\/pexels-photo-7841424.webp?fit=1880%2C1253&ssl=1","datePublished":"2025-11-05T10:07:37+00:00","dateModified":"2025-11-06T18:28:10+00:00","description":"Llegeix els Termes i Condicions Generals de Venda d&#039;Inspire Altea. Apr\u00e8n sobre les nostres normes d&#039;activitat, preus, assegurances i les teves responsabilitats com a participant.","breadcrumb":{"@id":"https:\/\/www.inspirealtea.com\/terms-conditions-sale\/#breadcrumb"},"inLanguage":"ca","potentialAction":[{"@type":"ReadAction","target":["https:\/\/www.inspirealtea.com\/terms-conditions-sale\/"]}]},{"@type":"ImageObject","inLanguage":"ca","@id":"https:\/\/www.inspirealtea.com\/terms-conditions-sale\/#primaryimage","url":"https:\/\/i0.wp.com\/www.inspirealtea.com\/wp-content\/uploads\/2025\/11\/pexels-photo-7841424.webp?fit=1880%2C1253&ssl=1","contentUrl":"https:\/\/i0.wp.com\/www.inspirealtea.com\/wp-content\/uploads\/2025\/11\/pexels-photo-7841424.webp?fit=1880%2C1253&ssl=1","width":1880,"height":1253,"caption":"Inspire Altea\u2019s commitment to privacy and responsible data management."},{"@type":"BreadcrumbList","@id":"https:\/\/www.inspirealtea.com\/terms-conditions-sale\/#breadcrumb","itemListElement":[{"@type":"ListItem","position":1,"name":"Home","item":"https:\/\/www.inspirealtea.com\/"},{"@type":"ListItem","position":2,"name":"General Terms and Conditions of Sale"}]},{"@type":"WebSite","@id":"https:\/\/www.inspirealtea.com\/#website","url":"https:\/\/www.inspirealtea.com\/","name":"Ioga, Ayurveda i Senderisme | Inspirar Altea","description":"Explora't a trav\u00e9s del Ioga, l'Ayurveda i les Excursions a Altea, Alacant \u2014 un santuari per al benestar al costat del Mediterrani.","publisher":{"@id":"https:\/\/www.inspirealtea.com\/#organization"},"alternateName":"Inspire Altea \u2013 Yoga, Ayurveda & Hiking","potentialAction":[{"@type":"SearchAction","target":{"@type":"EntryPoint","urlTemplate":"https:\/\/www.inspirealtea.com\/?s={search_term_string}"},"query-input":{"@type":"PropertyValueSpecification","valueRequired":true,"valueName":"search_term_string"}}],"inLanguage":"ca"},{"@type":"Organization","@id":"https:\/\/www.inspirealtea.com\/#organization","name":"Ioga, Ayurveda i Senderisme | Inspire Altea","alternateName":"IA Yoga Ayurveda Hike","url":"https:\/\/www.inspirealtea.com\/","logo":{"@type":"ImageObject","inLanguage":"ca","@id":"https:\/\/www.inspirealtea.com\/#\/schema\/logo\/image\/","url":"https:\/\/i0.wp.com\/www.inspirealtea.com\/wp-content\/uploads\/2025\/10\/Logo-Inspire-Altea.png?fit=1024%2C1024&ssl=1","contentUrl":"https:\/\/i0.wp.com\/www.inspirealtea.com\/wp-content\/uploads\/2025\/10\/Logo-Inspire-Altea.png?fit=1024%2C1024&ssl=1","width":1024,"height":1024,"caption":"Yoga, Ayurveda and Hiking | Inspire Altea"},"image":{"@id":"https:\/\/www.inspirealtea.com\/#\/schema\/logo\/image\/"},"sameAs":["https:\/\/www.facebook.com\/yogaayurveda.altea","https:\/\/www.instagram.com\/inspirealtea\/","https:\/\/www.linkedin.com\/in\/sergio-cisneros-galea","https:\/\/www.youtube.com\/@inspirealtea","https:\/\/gravatar.com\/sergiocisnerosgalea"],"description":"Discover holistic wellbeing experiences in Altea that connect body, mind, and nature. From yoga and Ayurveda to guided hiking and personalized retreats \u2014 all designed to help you restore balance, vitality, and inner peace.","email":"inspirealtea@gmail.com","telephone":"+33 6 07 42 58 97","legalName":"Sergio Cisneros Galea","foundingDate":"2019-11-11","numberOfEmployees":{"@type":"QuantitativeValue","minValue":"1","maxValue":"10"},"publishingPrinciples":"https:\/\/www.inspirealtea.com\/who-i-am\/"}]}},"jetpack_sharing_enabled":true,"_links":{"self":[{"href":"https:\/\/www.inspirealtea.com\/ca\/wp-json\/wp\/v2\/pages\/10","targetHints":{"allow":["GET"]}}],"collection":[{"href":"https:\/\/www.inspirealtea.com\/ca\/wp-json\/wp\/v2\/pages"}],"about":[{"href":"https:\/\/www.inspirealtea.com\/ca\/wp-json\/wp\/v2\/types\/page"}],"author":[{"embeddable":true,"href":"https:\/\/www.inspirealtea.com\/ca\/wp-json\/wp\/v2\/users\/1"}],"replies":[{"embeddable":true,"href":"https:\/\/www.inspirealtea.com\/ca\/wp-json\/wp\/v2\/comments?post=10"}],"version-history":[{"count":1,"href":"https:\/\/www.inspirealtea.com\/ca\/wp-json\/wp\/v2\/pages\/10\/revisions"}],"predecessor-version":[{"id":867,"href":"https:\/\/www.inspirealtea.com\/ca\/wp-json\/wp\/v2\/pages\/10\/revisions\/867"}],"wp:featuredmedia":[{"embeddable":true,"href":"https:\/\/www.inspirealtea.com\/ca\/wp-json\/wp\/v2\/media\/865"}],"wp:attachment":[{"href":"https:\/\/www.inspirealtea.com\/ca\/wp-json\/wp\/v2\/media?parent=10"}],"curies":[{"name":"wp","href":"https:\/\/api.w.org\/{rel}","templated":true}]}}